{"id":1505,"date":"2023-11-22T11:20:51","date_gmt":"2023-11-22T11:20:51","guid":{"rendered":"https:\/\/lavegainnova.es\/agrolabs\/agrolab-trazabilidad-alimentaria\/"},"modified":"2025-12-02T10:48:03","modified_gmt":"2025-12-02T09:48:03","slug":"agrolab-trazabilidad-alimentaria","status":"publish","type":"page","link":"https:\/\/lavegainnova.es\/en\/agrolabs\/agrolab-trazabilidad-alimentaria\/","title":{"rendered":"Agrolab: Trazabilidad y Certificaci\u00f3n con Blockchain"},"content":{"rendered":"<section class=\"hof-header-02 hof-bg-ocre\">\n    <div class=\"row wrapper pt-4 pb-4\">\n        <div class=\"col-xs-12 col-sm-6 col-md-6 hof-header-02__info-container\">\n            <div class=\"hof-breadcrumbs\"><\/div>\n        \n                            <h1>Agrolab: Trazabilidad y Certificaci\u00f3n con Blockchain<\/h1>\n\n                    <\/div>\n    <\/div>\n<\/section>\n\n\n<section class=\"hof-convocatoria hof-bg-marino\">\n    <div class=\"row wrapper end-xs\">\n        <div class=\"col-xs-12 col-sm-12 col-md-6 pt-3 pl-2 pb-3 image-container zi-1 order-2\">\n                            <img decoding=\"async\" src=\"https:\/\/lavegainnova.es\/wp-content\/uploads\/2023\/11\/agrolab-01-destacado-1.jpg\" alt=\"Agrolab Trazabilidad Alimentaria\" title=\"agrolab-01-destacado\"\/>\n                    <\/div>\n        <div class=\"col-xs-12 col-sm-12 col-md-6 info-container zi-1\">\n                            <img decoding=\"async\" style=\"margin: 0 auto 0 0;\" class=\"hof-convocatoria__icon\" src=\"https:\/\/lavegainnova.es\/wp-content\/uploads\/2023\/11\/agrolab-icon.png\" alt=\"Icon Agrolab\" title=\"agrolab-icon\"\/>\n            \n            \n                            <p><span style=\"color: #ffffff\">Uso de la plataforma TrustOS de blockchain para facilitar que los usuarios del iHub puedan familiarizarse, aprender y disfrutar de los beneficios de la tecnolog\u00eda blockchain.<\/span><\/p>\n\n            \n                            <a style=\"margin: 0 auto 0 0;\" title=\"Haz click aqu\u00ed para acceder al contenido\" href=\"https:\/\/youtu.be\/MwH_sIjgXVY?si=mE0VfbQexR2AJiWH\" class=\"hof-button hof-button__secondary-negative\">Desc\u00fabrelo<\/a>\n                    <\/div>\n    <\/div>\n<\/section>\n\n<section class=\"hof-convocatoria hof-bg-ocre\">\n    <div class=\"row wrapper end-xs\">\n        <div class=\"col-xs-12 col-sm-12 col-md-6 pt-3 pl-2 pb-3 image-container zi-1 \">\n                            <img decoding=\"async\" src=\"https:\/\/lavegainnova.es\/wp-content\/uploads\/2024\/04\/blockchain-technology-concept-2023-11-27-05-17-20-utc-scaled.jpg\" alt=\"Qu\u00e9 es Blockchain\" title=\"Blockchain technology concept\"\/>\n                    <\/div>\n        <div class=\"col-xs-12 col-sm-12 col-md-6 info-container zi-1\">\n            \n            \n                            <h2>\u00bfQu\u00e9 es Blockchain?<\/h2>\n<p>Blockchain es una base de datos distribuida que se comparte entre los nodos de una red inform\u00e1tica. Como base de datos, una blockchain almacena informaci\u00f3n electr\u00f3nicamente en formato digital. Las blockchains son m\u00e1s conocidas por su papel crucial en los sistemas de criptomonedas, como Bitcoin, para mantener un registro de transacciones seguro y descentralizado. La innovaci\u00f3n de esta tecnolog\u00eda es que garantiza la fidelidad y seguridad de un registro de datos y genera confianza.<\/p>\n\n            \n                            <a style=\"margin: 0 auto 0 0;\" title=\"Haz click aqu\u00ed para acceder al contenido\" href=\"https:\/\/lavegainnova.es\/contacto\/\" class=\"hof-button hof-button__secondary-negative\">\u00a1Ap\u00fantate!<\/a>\n                    <\/div>\n    <\/div>\n<\/section>\n\n<section class=\"hof-convocatoria hof-bg-marino\">\n    <div class=\"row wrapper end-xs\">\n        <div class=\"col-xs-12 col-sm-12 col-md-6 pt-3 pl-2 pb-3 image-container zi-1 order-2\">\n                            <img decoding=\"async\" src=\"https:\/\/lavegainnova.es\/wp-content\/uploads\/2024\/04\/blockchain_ganaderia-1-scaled.jpg\" alt=\"\" title=\"blockchain_ganaderia\"\/>\n                    <\/div>\n        <div class=\"col-xs-12 col-sm-12 col-md-6 info-container zi-1\">\n                            <img decoding=\"async\" style=\"margin: 0 auto 0 0;\" class=\"hof-convocatoria__icon\" src=\"https:\/\/lavegainnova.es\/wp-content\/uploads\/2023\/11\/agrolab-icon.png\" alt=\"Icon Agrolab\" title=\"agrolab-icon\"\/>\n            \n            \n                            <h2><span style=\"color: #ffffff\">Servicios accesibles<\/span><\/h2>\n<ul>\n<li class=\"xmsonormal\"><span style=\"color: #ffffff\"><b><span style=\"font-size: 11.0pt\">Servicio 1: Certificaci\u00f3n de producto<br \/><\/span><\/b><span style=\"font-size: 11.0pt\">Se ofrece a los usuarios la posibilidad de, mediante una interfaz web, generar una etiqueta digital para su producto. En la misma se podr\u00e1 incluir informaci\u00f3n como caracter\u00edsticas detalladas del producto, sellos de calidad aplicables, imagen, descripci\u00f3n\u2026<\/span><\/span><\/li>\n<li class=\"xmsonormal\"><span style=\"color: #ffffff\"><b><span style=\"font-size: 11.0pt\">Servicio 2: Trazabilidad de productos agroalimentarios<br \/><\/span><\/b><span style=\"font-size: 11.0pt\">Mediante una interfaz se podr\u00e1 consultar las actualizaciones de un determinado activo realizadas con la app ofrecida por el servicio. Cada usuario de la cadena de valor crear\u00e1 un activo y sucesivamente podr\u00e1 ir actualizando alguno de sus atributos con un sistema de garant\u00eda de veracidad de la informaci\u00f3n.<\/span><\/span><\/li>\n<li class=\"xmsonormal\"><span style=\"color: #ffffff\"><b><span style=\"font-size: 11.0pt\">\u00a0<\/span><\/b><b><span style=\"font-size: 11.0pt\">Servicio 3: Laboratorio Blockchain<br \/><\/span><\/b><span style=\"font-size: 11.0pt\">Este servicio permite que los usuarios del iHUB puedan desarrollar soluciones sobre esta plataforma y evolucionar en mayor medida las soluciones presentadas anteriormente. Utilizando la tecnolog\u00eda Blockchain de manera sencilla mediante el uso de la plataforma TrustOS.<\/span><\/span><\/li>\n<\/ul>\n\n            \n                            <a style=\"margin: 0 auto 0 0;\" title=\"Haz click aqu\u00ed para acceder al contenido\" href=\"#\" class=\"hof-button hof-button__secondary-negative\">\u00a1Ap\u00fantate!<\/a>\n                    <\/div>\n    <\/div>\n<\/section>\n\n<section class=\"hof-info\" style=\"background: linear-gradient(to bottom, #EEA400 70%, white 0%);\">\n    <div class=\"wrapper\">\n        <div class=\"row\">\n            <div class=\"col-xs-12 col-md-6 col-md-offset-3 pb-2 t-center hof-info__title\">\n                                    <h2 style=\"text-align: center\">Datos destacados<\/h2>\n\n                            <\/div>\n        <\/div>\n        <div class=\"hof-info__items\">\n                            <div class=\"col-xs-12 col-sm-4 zi-9\">\n                    <div class=\"item\">\n                        \n                                                    <h4><strong>Objetivo<\/strong><\/h4>\n                        \n                                                    <p>Trazar y registrar de manera inmutable los procesos digitalizados en la producci\u00f3n agroalimentaria, incluyendo entidades y organismos de certificaci\u00f3n, que validen la veracidad de los datos. <\/p>\n\n                        \n                                            <\/div>\n                <\/div>\n                            <div class=\"col-xs-12 col-sm-4 zi-9\">\n                    <div class=\"item\">\n                        \n                                                    <h4><strong>Beneficios<\/strong><\/h4>\n                        \n                                                    <p>Acreditaci\u00f3n de calidad e informaci\u00f3n nutricional, tener una trazabilidad del producto a lo largo de la cadena productiva y facilitar un entorno de desarrollo de blockchain sencillo <\/p>\n\n                        \n                                            <\/div>\n                <\/div>\n                            <div class=\"col-xs-12 col-sm-4 zi-9\">\n                    <div class=\"item\">\n                        \n                                                    <h4><strong>\u00bfA qui\u00e9n va dirigido?<\/strong><\/h4>\n                        \n                                                    <p>Todo aquel usuario del iHub, prestando especial atenci\u00f3n en aquellos productores que necesiten de la acreditaci\u00f3n nutricional y composici\u00f3n: productores,  distribuidores, entidades certificadoras, restaurantes o incluso consumidores finales.<\/p>\n\n                        \n                                            <\/div>\n                <\/div>\n                    <\/div>\n    <\/div>\n<\/section>\n\n\n<section class=\"hof-convocatoria hof-bg-ocre\">\n    <div class=\"row wrapper end-xs\">\n        <div class=\"col-xs-12 col-sm-12 col-md-6 pt-3 pl-2 pb-3 image-container zi-1 \">\n                            <img decoding=\"async\" src=\"https:\/\/lavegainnova.es\/wp-content\/uploads\/2024\/04\/russia-moscow-30-05-2021-logo-screenshot-of-block-2023-11-27-05-13-00-utc-scaled.jpg\" alt=\"\" title=\"Russia Moscow 30.05.2021.Logo, screenshot of blockchain nft ethereum cryptocurrency game Decentraland in laptop. Man playing,mining crypto coins,token MANA. Earning digital money at home.Lands,heroes\"\/>\n                    <\/div>\n        <div class=\"col-xs-12 col-sm-12 col-md-6 info-container zi-1\">\n            \n            \n                            <h2>\u00bfQu\u00e9 beneficios aporta esta tecnolog\u00eda?<\/h2>\n<ul>\n<li><strong>Transparencia<\/strong>: Todas las transacciones en una blockchain son p\u00fablicas y transparentes. Esto puede ayudar a reducir el fraude y la corrupci\u00f3n.<\/li>\n<li><strong>Eficiencia<\/strong>: Blockchain puede ayudar a simplificar y automatizar muchos procesos, como pagos, contratos y log\u00edstica. Esto puede conducir a importantes ahorros de costes y a una mayor eficiencia.<\/li>\n<\/ul>\n\n            \n                            <a style=\"margin: 0 auto 0 0;\" title=\"Haz click aqu\u00ed para acceder al contenido\" href=\"https:\/\/lavegainnova.es\/contacto\/\" class=\"hof-button hof-button__secondary-negative\">\u00a1Ap\u00fantate!<\/a>\n                    <\/div>\n    <\/div>\n<\/section>","protected":false},"excerpt":{"rendered":"","protected":false},"author":1,"featured_media":0,"parent":1503,"menu_order":0,"comment_status":"closed","ping_status":"closed","template":"","meta":[],"yoast_head":"<!-- This site is optimized with the Yoast SEO plugin v21.3 - https:\/\/yoast.com\/wordpress\/plugins\/seo\/ -->\n<title>Agrolab: Trazabilidad y Certificaci\u00f3n con Blockchain - La Vega Innova<\/title>\n<meta name=\"robots\" content=\"index, follow, max-snippet:-1, max-image-preview:large, max-video-preview:-1\" \/>\n<link rel=\"canonical\" href=\"https:\/\/lavegainnova.es\/en\/agrolabs\/agrolab-trazabilidad-alimentaria\/\" \/>\n<meta property=\"og:locale\" content=\"en_US\" \/>\n<meta property=\"og:type\" content=\"article\" \/>\n<meta property=\"og:title\" content=\"Agrolab: Trazabilidad y Certificaci\u00f3n con Blockchain - La Vega Innova\" \/>\n<meta property=\"og:url\" content=\"https:\/\/lavegainnova.es\/en\/agrolabs\/agrolab-trazabilidad-alimentaria\/\" \/>\n<meta property=\"og:site_name\" content=\"La Vega Innova\" \/>\n<meta property=\"article:publisher\" content=\"https:\/\/facebook.com\/lavegainnovahub\" \/>\n<meta property=\"article:modified_time\" content=\"2025-12-02T09:48:03+00:00\" \/>\n<meta name=\"twitter:card\" content=\"summary_large_image\" \/>\n<meta name=\"twitter:site\" content=\"@lavegainnova\" \/>\n<script type=\"application\/ld+json\" class=\"yoast-schema-graph\">{\"@context\":\"https:\/\/schema.org\",\"@graph\":[{\"@type\":\"WebPage\",\"@id\":\"https:\/\/lavegainnova.es\/en\/agrolabs\/agrolab-trazabilidad-alimentaria\/\",\"url\":\"https:\/\/lavegainnova.es\/en\/agrolabs\/agrolab-trazabilidad-alimentaria\/\",\"name\":\"Agrolab: Trazabilidad y Certificaci\u00f3n con Blockchain - La Vega Innova\",\"isPartOf\":{\"@id\":\"https:\/\/lavegainnova.es\/#website\"},\"datePublished\":\"2023-11-22T11:20:51+00:00\",\"dateModified\":\"2025-12-02T09:48:03+00:00\",\"breadcrumb\":{\"@id\":\"https:\/\/lavegainnova.es\/en\/agrolabs\/agrolab-trazabilidad-alimentaria\/#breadcrumb\"},\"inLanguage\":\"en\",\"potentialAction\":[{\"@type\":\"ReadAction\",\"target\":[\"https:\/\/lavegainnova.es\/en\/agrolabs\/agrolab-trazabilidad-alimentaria\/\"]}]},{\"@type\":\"BreadcrumbList\",\"@id\":\"https:\/\/lavegainnova.es\/en\/agrolabs\/agrolab-trazabilidad-alimentaria\/#breadcrumb\",\"itemListElement\":[{\"@type\":\"ListItem\",\"position\":1,\"name\":\"Agrolabs\",\"item\":\"https:\/\/lavegainnova.es\/en\/agrolabs\/\"},{\"@type\":\"ListItem\",\"position\":2,\"name\":\"Agrolab: Trazabilidad y Certificaci\u00f3n con Blockchain\"}]},{\"@type\":\"WebSite\",\"@id\":\"https:\/\/lavegainnova.es\/#website\",\"url\":\"https:\/\/lavegainnova.es\/\",\"name\":\"La Vega Innova\",\"description\":\"\u00bfEst\u00e1s listo para transformar el sector agroalimentario con tu startup?\",\"publisher\":{\"@id\":\"https:\/\/lavegainnova.es\/#organization\"},\"potentialAction\":[{\"@type\":\"SearchAction\",\"target\":{\"@type\":\"EntryPoint\",\"urlTemplate\":\"https:\/\/lavegainnova.es\/?s={search_term_string}\"},\"query-input\":\"required name=search_term_string\"}],\"inLanguage\":\"en\"},{\"@type\":\"Organization\",\"@id\":\"https:\/\/lavegainnova.es\/#organization\",\"name\":\"La Vega Innova\",\"url\":\"https:\/\/lavegainnova.es\/\",\"logo\":{\"@type\":\"ImageObject\",\"inLanguage\":\"en\",\"@id\":\"https:\/\/lavegainnova.es\/#\/schema\/logo\/image\/\",\"url\":\"https:\/\/lavegainnova.es\/wp-content\/uploads\/2023\/11\/destacados-logo.jpg\",\"contentUrl\":\"https:\/\/lavegainnova.es\/wp-content\/uploads\/2023\/11\/destacados-logo.jpg\",\"width\":717,\"height\":594,\"caption\":\"La Vega Innova\"},\"image\":{\"@id\":\"https:\/\/lavegainnova.es\/#\/schema\/logo\/image\/\"},\"sameAs\":[\"https:\/\/facebook.com\/lavegainnovahub\",\"https:\/\/twitter.com\/lavegainnova\",\"https:\/\/www.linkedin.com\/company\/97906276\/\",\"https:\/\/www.instagram.com\/lavegainnova\/?hl=es\"]}]}<\/script>\n<!-- \/ Yoast SEO plugin. -->","yoast_head_json":{"title":"Agrolab: Trazabilidad y Certificaci\u00f3n con Blockchain - La Vega Innova","robots":{"index":"index","follow":"follow","max-snippet":"max-snippet:-1","max-image-preview":"max-image-preview:large","max-video-preview":"max-video-preview:-1"},"canonical":"https:\/\/lavegainnova.es\/en\/agrolabs\/agrolab-trazabilidad-alimentaria\/","og_locale":"en_US","og_type":"article","og_title":"Agrolab: Trazabilidad y Certificaci\u00f3n con Blockchain - La Vega Innova","og_url":"https:\/\/lavegainnova.es\/en\/agrolabs\/agrolab-trazabilidad-alimentaria\/","og_site_name":"La Vega Innova","article_publisher":"https:\/\/facebook.com\/lavegainnovahub","article_modified_time":"2025-12-02T09:48:03+00:00","twitter_card":"summary_large_image","twitter_site":"@lavegainnova","schema":{"@context":"https:\/\/schema.org","@graph":[{"@type":"WebPage","@id":"https:\/\/lavegainnova.es\/en\/agrolabs\/agrolab-trazabilidad-alimentaria\/","url":"https:\/\/lavegainnova.es\/en\/agrolabs\/agrolab-trazabilidad-alimentaria\/","name":"Agrolab: Trazabilidad y Certificaci\u00f3n con Blockchain - La Vega Innova","isPartOf":{"@id":"https:\/\/lavegainnova.es\/#website"},"datePublished":"2023-11-22T11:20:51+00:00","dateModified":"2025-12-02T09:48:03+00:00","breadcrumb":{"@id":"https:\/\/lavegainnova.es\/en\/agrolabs\/agrolab-trazabilidad-alimentaria\/#breadcrumb"},"inLanguage":"en","potentialAction":[{"@type":"ReadAction","target":["https:\/\/lavegainnova.es\/en\/agrolabs\/agrolab-trazabilidad-alimentaria\/"]}]},{"@type":"BreadcrumbList","@id":"https:\/\/lavegainnova.es\/en\/agrolabs\/agrolab-trazabilidad-alimentaria\/#breadcrumb","itemListElement":[{"@type":"ListItem","position":1,"name":"Agrolabs","item":"https:\/\/lavegainnova.es\/en\/agrolabs\/"},{"@type":"ListItem","position":2,"name":"Agrolab: Trazabilidad y Certificaci\u00f3n con Blockchain"}]},{"@type":"WebSite","@id":"https:\/\/lavegainnova.es\/#website","url":"https:\/\/lavegainnova.es\/","name":"La Vega Innova","description":"\u00bfEst\u00e1s listo para transformar el sector agroalimentario con tu startup?","publisher":{"@id":"https:\/\/lavegainnova.es\/#organization"},"potentialAction":[{"@type":"SearchAction","target":{"@type":"EntryPoint","urlTemplate":"https:\/\/lavegainnova.es\/?s={search_term_string}"},"query-input":"required name=search_term_string"}],"inLanguage":"en"},{"@type":"Organization","@id":"https:\/\/lavegainnova.es\/#organization","name":"La Vega Innova","url":"https:\/\/lavegainnova.es\/","logo":{"@type":"ImageObject","inLanguage":"en","@id":"https:\/\/lavegainnova.es\/#\/schema\/logo\/image\/","url":"https:\/\/lavegainnova.es\/wp-content\/uploads\/2023\/11\/destacados-logo.jpg","contentUrl":"https:\/\/lavegainnova.es\/wp-content\/uploads\/2023\/11\/destacados-logo.jpg","width":717,"height":594,"caption":"La Vega Innova"},"image":{"@id":"https:\/\/lavegainnova.es\/#\/schema\/logo\/image\/"},"sameAs":["https:\/\/facebook.com\/lavegainnovahub","https:\/\/twitter.com\/lavegainnova","https:\/\/www.linkedin.com\/company\/97906276\/","https:\/\/www.instagram.com\/lavegainnova\/?hl=es"]}]}},"_links":{"self":[{"href":"https:\/\/lavegainnova.es\/en\/wp-json\/wp\/v2\/pages\/1505"}],"collection":[{"href":"https:\/\/lavegainnova.es\/en\/wp-json\/wp\/v2\/pages"}],"about":[{"href":"https:\/\/lavegainnova.es\/en\/wp-json\/wp\/v2\/types\/page"}],"author":[{"embeddable":true,"href":"https:\/\/lavegainnova.es\/en\/wp-json\/wp\/v2\/users\/1"}],"replies":[{"embeddable":true,"href":"https:\/\/lavegainnova.es\/en\/wp-json\/wp\/v2\/comments?post=1505"}],"version-history":[{"count":5,"href":"https:\/\/lavegainnova.es\/en\/wp-json\/wp\/v2\/pages\/1505\/revisions"}],"predecessor-version":[{"id":4648,"href":"https:\/\/lavegainnova.es\/en\/wp-json\/wp\/v2\/pages\/1505\/revisions\/4648"}],"up":[{"embeddable":true,"href":"https:\/\/lavegainnova.es\/en\/wp-json\/wp\/v2\/pages\/1503"}],"wp:attachment":[{"href":"https:\/\/lavegainnova.es\/en\/wp-json\/wp\/v2\/media?parent=1505"}],"curies":[{"name":"wp","href":"https:\/\/api.w.org\/{rel}","templated":true}]}}