{"id":1506,"date":"2023-11-16T09:28:49","date_gmt":"2023-11-16T09:28:49","guid":{"rendered":"https:\/\/lavegainnova.es\/asistentes-virtuales-aplicaciones-en-el-sector-agroalimentario\/"},"modified":"2024-01-24T10:08:45","modified_gmt":"2024-01-24T09:08:45","slug":"asistentes-virtuales-aplicaciones-en-el-sector-agroalimentario","status":"publish","type":"page","link":"https:\/\/lavegainnova.es\/en\/asistentes-virtuales-aplicaciones-en-el-sector-agroalimentario\/","title":{"rendered":"Asistentes virtuales. Aplicaciones en el Sector Agroalimentario"},"content":{"rendered":"<section class=\"hof-header-02 hof-bg-azul\">\n    <div class=\"row wrapper pt-4 pb-4\">\n        <div class=\"col-xs-12 col-sm-6 col-md-6 hof-header-02__info-container\">\n            <div class=\"hof-breadcrumbs\"><\/div>\n        \n                            <h1>Asistentes virtuales. Aplicaciones en el Sector Agroalimentario<\/h1>\n<p><span class=\"TextRun SCXW50028760 BCX9\" lang=\"ES\" xml:lang=\"ES\" data-contrast=\"auto\"><span class=\"NormalTextRun SCXW50028760 BCX9\">Iniciaci\u00f3n a los <\/span><span class=\"NormalTextRun SCXW50028760 BCX9\">chatbots<\/span><span class=\"NormalTextRun SCXW50028760 BCX9\"> como tecnolog\u00eda estrat\u00e9gica para la implementaci\u00f3n de sistemas de apoyo a la decisi\u00f3n en el sector agroalimentario. Elementos esenciales del dise\u00f1o y desarrollo de asistentes virtuales. Creaci\u00f3n de casos pr\u00e1cticos.<\/span><\/span><span class=\"EOP SCXW50028760 BCX9\" data-ccp-props=\"{&quot;201341983&quot;:0,&quot;335559739&quot;:200,&quot;335559740&quot;:276}\">\u00a0<\/span><\/p>\n<p><span class=\"ui-provider ed bhk bhl bhm bhn bho bhp bhq bhr bhs bht bhu bhv bhw bhx bhy bhz bia bib bic bid bie bif big bih bii bij bik bil bim bin bio bip biq bir\" dir=\"ltr\">La formalizaci\u00f3n de matr\u00edcula estar\u00e1 abierta hasta el d\u00eda 4 de diciembre de 2023.<\/span><\/p>\n<p><\/p>\n\n                    <\/div>\n    <\/div>\n<\/section>\n\n\n<section class=\"hof-info\" style=\"background: linear-gradient(to bottom, #031017 70%, white 0%);\">\n    <div class=\"wrapper\">\n        <div class=\"row\">\n            <div class=\"col-xs-12 col-md-6 col-md-offset-3 pb-2 t-center hof-info__title\">\n                            <\/div>\n        <\/div>\n        <div class=\"hof-info__items\">\n                            <div class=\"col-xs-12 col-sm-4 zi-9\">\n                    <div class=\"item\">\n                                                    <img decoding=\"async\" class=\"hof-info-icon\" src=\"https:\/\/lavegainnova.es\/wp-content\/uploads\/2023\/11\/icono-calendar.png\" alt=\"icono Calendario\" title=\"icono-calendar\"\/>\n                        \n                                                    <h4><strong>Fechas y horarios<\/strong><\/h4>\n                        \n                                                    <p>Del 11 al 15 de diciembre de 2023<\/p>\n<p>Lunes de 12:00 a 15:00<br \/>Martes, mi\u00e9rcoles y jueves de 9:00 a 15:00 h. <\/p>\n\n                        \n                                            <\/div>\n                <\/div>\n                            <div class=\"col-xs-12 col-sm-4 zi-9\">\n                    <div class=\"item\">\n                                                    <img decoding=\"async\" class=\"hof-info-icon\" src=\"https:\/\/lavegainnova.es\/wp-content\/uploads\/2023\/11\/icono-marker.png\" alt=\"Icono Marcador de mapa\" title=\"icono-marker\"\/>\n                        \n                                                    <h4><strong>Direcci\u00f3n<\/strong><\/h4>\n                        \n                                                    <p>Ministerio de Agricultura, Pesca y Alimentaci\u00f3n. P.\u00ba de la Infanta Isabel, 1, 28014 Madrid. <\/p>\n\n                        \n                                            <\/div>\n                <\/div>\n                            <div class=\"col-xs-12 col-sm-4 zi-9\">\n                    <div class=\"item\">\n                                                    <img decoding=\"async\" class=\"hof-info-icon\" src=\"https:\/\/lavegainnova.es\/wp-content\/uploads\/2023\/11\/icon-aulas.png\" alt=\"Icono Aulas\" title=\"icon-aulas\"\/>\n                        \n                                                    <h4><strong>Modalidad<\/strong><\/h4>\n                        \n                                                    <p>Presencial<\/p>\n\n                        \n                                            <\/div>\n                <\/div>\n                            <div class=\"col-xs-12 col-sm-4 zi-9\">\n                    <div class=\"item\">\n                                                    <img decoding=\"async\" class=\"hof-info-icon\" src=\"https:\/\/lavegainnova.es\/wp-content\/uploads\/2023\/11\/icon-numero-alumnos.png\" alt=\"Icono Alumnos\" title=\"icon-numero-alumnos\"\/>\n                        \n                                                    <h4><strong>Horas del curso<\/strong><\/h4>\n                        \n                                                    <p>21 horas<\/p>\n\n                        \n                                            <\/div>\n                <\/div>\n                    <\/div>\n    <\/div>\n<\/section>\n\n\n<section class=\"hof-convocatoria hof-bg-azul\">\n    <div class=\"row wrapper end-xs\">\n        <div class=\"col-xs-12 col-sm-12 col-md-6 pt-3 pl-2 pb-3 image-container zi-1 \">\n                            <img decoding=\"async\" src=\"https:\/\/lavegainnova.es\/wp-content\/uploads\/2023\/11\/cover-mujer-con-tablet-en-el-campo.jpg\" alt=\"Mujer con tablet en el campo\" title=\"cover-mujer-con-tablet-en-el-campo\"\/>\n                    <\/div>\n        <div class=\"col-xs-12 col-sm-12 col-md-6 info-container zi-1\">\n            \n            \n                            <p>Los chatbots y asistentes virtuales representan una herramienta tecnol\u00f3gica emergente con un amplio espectro de aplicaciones pr\u00e1cticas, especialmente en el sector agroalimentario. La comprensi\u00f3n de sus fundamentos abarca desde el reconocimiento de su potencial y funciones hasta la exploraci\u00f3n de casos de uso espec\u00edficos. Los procesos de dise\u00f1o y desarrollo de estos asistentes virtuales son etapas cr\u00edticas que requieren atenci\u00f3n al detalle, y el conocimiento de las distintas plataformas de desarrollo facilita la creaci\u00f3n de chatbots personalizados. La implementaci\u00f3n en el sector agroalimentario no solo ilustra su aplicabilidad pr\u00e1ctica sino que tambi\u00e9n destaca c\u00f3mo pueden ser desarrollados desde cero para satisfacer necesidades espec\u00edficas, optimizando as\u00ed la eficiencia y la productividad en este campo.<\/p>\n<p>&nbsp;<\/p>\n\n            \n                    <\/div>\n    <\/div>\n<\/section>\n\n<section class=\"hof-convocatoria hof-bg-verde\">\n    <div class=\"row wrapper end-xs\">\n        <div class=\"col-xs-12 col-sm-12 col-md-6 pt-3 pl-2 pb-3 image-container zi-1 order-2\">\n                            <img decoding=\"async\" src=\"https:\/\/lavegainnova.es\/wp-content\/uploads\/2023\/11\/asistentes-virtuales.webp\" alt=\"Asistentes virtuales\" title=\"asistentes-virtuales\"\/>\n                    <\/div>\n        <div class=\"col-xs-12 col-sm-12 col-md-6 info-container zi-1\">\n            \n            \n                            <h2><b>\u00bfA qui\u00e9n va dirigido?<\/b><\/h2>\n<p>&nbsp;<\/p>\n<ul>\n<li data-leveltext=\"\uf0b7\" data-font=\"Symbol\" data-listid=\"14\" data-list-defn-props=\"{&quot;335552541&quot;:1,&quot;335559684&quot;:-2,&quot;335559685&quot;:720,&quot;335559991&quot;:360,&quot;469769226&quot;:&quot;Symbol&quot;,&quot;469769242&quot;:[8226],&quot;469777803&quot;:&quot;left&quot;,&quot;469777804&quot;:&quot;\uf0b7&quot;,&quot;469777815&quot;:&quot;hybridMultilevel&quot;}\" data-aria-posinset=\"1\" data-aria-level=\"1\"><b><span data-contrast=\"none\">Profesionales del Sector AgrifoodTech<\/span><\/b><span data-contrast=\"none\">: para profesionales que trabajan en el sector agroalimentario y buscan mejorar la eficiencia en la producci\u00f3n, la gesti\u00f3n de recursos y la toma de decisiones basadas en datos. Esto incluye profesionales de la agricultura, agr\u00f3nomos, Cooperativas, Comunidades de Regantes, ingenieros agr\u00edcolas y profesionales de la industria alimentaria.\u00a0<\/span><span data-ccp-props=\"{&quot;201341983&quot;:0,&quot;335559685&quot;:1080,&quot;335559740&quot;:276}\">\u00a0<\/span><\/li>\n<li data-leveltext=\"\uf0b7\" data-font=\"Symbol\" data-listid=\"14\" data-list-defn-props=\"{&quot;335552541&quot;:1,&quot;335559684&quot;:-2,&quot;335559685&quot;:720,&quot;335559991&quot;:360,&quot;469769226&quot;:&quot;Symbol&quot;,&quot;469769242&quot;:[8226],&quot;469777803&quot;:&quot;left&quot;,&quot;469777804&quot;:&quot;\uf0b7&quot;,&quot;469777815&quot;:&quot;hybridMultilevel&quot;}\" data-aria-posinset=\"2\" data-aria-level=\"1\"><b><span data-contrast=\"none\">Emprendedores, emprendedoras y Startups AgrifoodTech:<\/span><\/b><span data-contrast=\"none\"> para quienes deseen desarrollar soluciones innovadoras en el \u00e1mbito de la agricultura de precisi\u00f3n utilizando tecnolog\u00edas IoT y FIWARE.<\/span><span data-ccp-props=\"{&quot;201341983&quot;:0,&quot;335559685&quot;:1080,&quot;335559740&quot;:276}\">\u00a0<\/span><\/li>\n<li data-leveltext=\"\uf0b7\" data-font=\"Symbol\" data-listid=\"14\" data-list-defn-props=\"{&quot;335552541&quot;:1,&quot;335559684&quot;:-2,&quot;335559685&quot;:720,&quot;335559991&quot;:360,&quot;469769226&quot;:&quot;Symbol&quot;,&quot;469769242&quot;:[8226],&quot;469777803&quot;:&quot;left&quot;,&quot;469777804&quot;:&quot;\uf0b7&quot;,&quot;469777815&quot;:&quot;hybridMultilevel&quot;}\" data-aria-posinset=\"2\" data-aria-level=\"1\"><b><span data-contrast=\"none\">Universidad y \u00e1mbito acad\u00e9mico<\/span><\/b><span data-contrast=\"none\">: para estudiantes de universidad, personas que trabajan en investigaci\u00f3n y profesionales del \u00e1mbito acad\u00e9mico que quieran adquirir conocimientos avanzados sobre Agricultura de Precisi\u00f3n y las aplicaciones de IoT en la agricultura.<\/span><span data-ccp-props=\"{&quot;201341983&quot;:0,&quot;335559685&quot;:1080,&quot;335559740&quot;:276}\">\u00a0<\/span><\/li>\n<li data-leveltext=\"\uf0b7\" data-font=\"Symbol\" data-listid=\"14\" data-list-defn-props=\"{&quot;335552541&quot;:1,&quot;335559684&quot;:-2,&quot;335559685&quot;:720,&quot;335559991&quot;:360,&quot;469769226&quot;:&quot;Symbol&quot;,&quot;469769242&quot;:[8226],&quot;469777803&quot;:&quot;left&quot;,&quot;469777804&quot;:&quot;\uf0b7&quot;,&quot;469777815&quot;:&quot;hybridMultilevel&quot;}\" data-aria-posinset=\"2\" data-aria-level=\"1\"><b><span data-contrast=\"none\">Profesionales de TI y\/o desarrollado de software<\/span><\/b><span data-contrast=\"none\">: para personas con experiencia en tecnolog\u00edas de la informaci\u00f3n y desarrollo de software que deseen especializarse en el desarrollo de soluciones IoT con FIWARE en el contexto de la agricultura.<\/span><span data-ccp-props=\"{&quot;201341983&quot;:0,&quot;335559685&quot;:1080,&quot;335559740&quot;:276}\">\u00a0<\/span><\/li>\n<li data-leveltext=\"\uf0b7\" data-font=\"Symbol\" data-listid=\"14\" data-list-defn-props=\"{&quot;335552541&quot;:1,&quot;335559684&quot;:-2,&quot;335559685&quot;:720,&quot;335559991&quot;:360,&quot;469769226&quot;:&quot;Symbol&quot;,&quot;469769242&quot;:[8226],&quot;469777803&quot;:&quot;left&quot;,&quot;469777804&quot;:&quot;\uf0b7&quot;,&quot;469777815&quot;:&quot;hybridMultilevel&quot;}\" data-aria-posinset=\"2\" data-aria-level=\"1\"><b><span data-contrast=\"none\">Funcionariado p\u00fablico y Responsables de Pol\u00edticas Agr\u00edcolas:<\/span><\/b><span data-contrast=\"none\"> profesionales del sector p\u00fablico que trabajen en la formulaci\u00f3n de pol\u00edticas agr\u00edcolas y gesti\u00f3n de recursos que deseen adquirir conocimientos sobre el impacto de la tecnolog\u00eda en la agricultura sostenible y eficiente.<\/span><span data-ccp-props=\"{&quot;201341983&quot;:0,&quot;335559685&quot;:1080,&quot;335559740&quot;:276}\">\u00a0<\/span><\/li>\n<\/ul>\n<ul>\n<li style=\"list-style-type: none\">\u00a0<\/li>\n<\/ul>\n\n            \n                    <\/div>\n    <\/div>\n<\/section>\n\n<section class=\"hof-info\" style=\"background: linear-gradient(to bottom, #ffffff 70%, white 0%);\">\n    <div class=\"wrapper\">\n        <div class=\"row\">\n            <div class=\"col-xs-12 col-md-6 col-md-offset-3 pb-2 t-center hof-info__title\">\n                                    <h1><b>Equipo docente<\/b><\/h1>\n\n                            <\/div>\n        <\/div>\n        <div class=\"hof-info__items\">\n                            <div class=\"col-xs-12 col-sm-4 zi-9\">\n                    <div class=\"item\">\n                                                    <img decoding=\"async\" class=\"hof-info-icon\" src=\"https:\/\/lavegainnova.es\/wp-content\/uploads\/2023\/11\/profesor-02-marta-naya.png\" alt=\"Profesora Marta Naya\" title=\"profesor-02-marta-naya\"\/>\n                        \n                                                    <h4><strong>Marta Naya Mart\u00ednez<\/strong><\/h4>\n                        \n                                                    <p>Ingeniera Agr\u00f3noma. T\u00e9cnico de proyectos. ETSIAM. <\/p>\n\n                        \n                                            <\/div>\n                <\/div>\n                            <div class=\"col-xs-12 col-sm-4 zi-9\">\n                    <div class=\"item\">\n                                                    <img decoding=\"async\" class=\"hof-info-icon\" src=\"https:\/\/lavegainnova.es\/wp-content\/uploads\/2023\/11\/profesor-02-rafael-perez.png\" alt=\"Profesor Rafael P\u00e9rez\" title=\"profesor-02-rafael-perez\"\/>\n                        \n                                                    <h4><strong>Rafael P\u00e9rez Arellano<\/strong><\/h4>\n                        \n                                                    <p>Doctor Ingeniero Agr\u00f3nomo. Jefe de proyectos Grupo Hispatec.  <\/p>\n\n                        \n                                            <\/div>\n                <\/div>\n                            <div class=\"col-xs-12 col-sm-4 zi-9\">\n                    <div class=\"item\">\n                                                    <img decoding=\"async\" class=\"hof-info-icon\" src=\"https:\/\/lavegainnova.es\/wp-content\/uploads\/2023\/11\/profesor-02-jose-antonio-adame.png\" alt=\"Profesor Jose Antonio Adame\" title=\"profesor-02-jose-antonio-adame\"\/>\n                        \n                                                    <h4><strong>Jos\u00e9 Antonio Adame Siles<\/strong><\/h4>\n                        \n                                                    <p>Doctor Ingeniero Agr\u00f3nomo. Asesor T\u00e9cnico Grupo Tragsa. <\/p>\n\n                        \n                                            <\/div>\n                <\/div>\n                    <\/div>\n    <\/div>\n<\/section>\n\n\n<section class=\"hof-faqs\" style=\"background-color:#ddf2f4;\n\n\">\n    <div class=\"wrapper row\">\n        <div class=\"col-xs-12 col-sm-4 hof-faqs__text\">\n                                        <div style\"\">\n                    <h3>Preguntas frecuentes<\/h3>\n<p>&nbsp;<\/p>\n\n                <\/div>\n            \n                                <\/div>\n        <div class=\"col-xs-12 col-sm-8\">\n                            <ul class=\"hof-accordion\" role=\"radiogroup\" title=\"accordion\">\n            <li class=\"hof-accordion__item\" style=\"border: 1px solid #00a7ca;\"  >\n            <input type=\"radio\" name=\"accordion\" title=\"\u00bfCu\u00e1les son los objetivos del curso? \" aria-label=\"\u00bfCu\u00e1les son los objetivos del curso? \"  checked   \/>\n            <span style=\"color:#00a7ca;\" class=\"icon icon-chevron-r\"><\/span>\n            <h3 class=\"hof-accordion__item__title\"><strong>\u00bfCu\u00e1les son los objetivos del curso? <\/strong><\/h3>\n            <div class=\"hof-accordion__item__content\">\n                <div class=\"page\" title=\"Page 3\">\n<div class=\"section\">\n<div class=\"layoutArea\">\n<ul>\n<li>\n<p>Comprender los conceptos ba\u0301sicos de chatbots<\/p>\n<\/li>\n<\/ul>\n<div class=\"column\">\n<ul>\n<li>\n<p>Comprender el potencial y las funciones de un asistente virtual<\/p>\n<\/li>\n<li>\n<p>Conocer aplicaciones de los chatbots<\/p>\n<\/li>\n<li>\n<p>Explorar casos de uso en el sector agroalimentario<\/p>\n<\/li>\n<li>\n<p>Conocer las etapas de disen\u0303o y desarrollo de un chatbot<\/p>\n<\/li>\n<li>\n<p>Conocer los tipos de asistentes virtuales<\/p>\n<\/li>\n<li>\n<p>Conocer las plataformas de desarrollo de chatbots<\/p>\n<\/li>\n<li>\n<p>Desarrollar chatbots desde cero<\/p>\n<\/li>\n<li>\n<p>Implementar casos pra\u0301cticos de asistentes virtuales en el sector agroalimentario<\/p>\n<\/li>\n<\/ul>\n<\/div>\n<\/div>\n<\/div>\n<\/div>\n\n            <\/div>\n        <\/li>\n            <li class=\"hof-accordion__item\" style=\"border: 1px solid #00a7ca;\"  >\n            <input type=\"radio\" name=\"accordion\" title=\"\u00bfCu\u00e1l es el programa del curso? \" aria-label=\"\u00bfCu\u00e1l es el programa del curso? \"   \/>\n            <span style=\"color:#00a7ca;\" class=\"icon icon-chevron-r\"><\/span>\n            <h3 class=\"hof-accordion__item__title\"><strong>\u00bfCu\u00e1l es el programa del curso? <\/strong><\/h3>\n            <div class=\"hof-accordion__item__content\">\n                <p>Consulta el programa completo del curso en este enlace:\u00a0<\/p>\n<p>&nbsp;<\/p>\n<p><a class=\"hof-button hof-button__secondary-negative mb-2 \" style=\"border: 2px solid #00a7ca; color: #00a7ca;\" href=\"http:\/\/lavegainnova.es\/wp-content\/uploads\/2023\/11\/202310_2_Formacion_UCO_Asistentes-virtuales.-Aplicaciones-en-el-Sector-Agroalimentario.pdf\" target=\"_blank\" rel=\"noopener\">Consultar programa completo<\/a><\/p>\n\n            <\/div>\n        <\/li>\n            <li class=\"hof-accordion__item\" style=\"border: 1px solid #00a7ca;\"  >\n            <input type=\"radio\" name=\"accordion\" title=\"\u00bfQu\u00e9 materiales necesito?\" aria-label=\"\u00bfQu\u00e9 materiales necesito?\"   \/>\n            <span style=\"color:#00a7ca;\" class=\"icon icon-chevron-r\"><\/span>\n            <h3 class=\"hof-accordion__item__title\"><strong>\u00bfQu\u00e9 materiales necesito?<\/strong><\/h3>\n            <div class=\"hof-accordion__item__content\">\n                <ul>\n<li><strong>Participantes: <\/strong>debera\u0301s traer tu porta\u0301til\/tablet y cuenta de gmail activa.<\/li>\n<\/ul>\n\n            <\/div>\n        <\/li>\n            <li class=\"hof-accordion__item\" style=\"border: 1px solid #00a7ca;\"  >\n            <input type=\"radio\" name=\"accordion\" title=\"\u00bfHasta cu\u00e1ndo puedo inscribirme?\" aria-label=\"\u00bfHasta cu\u00e1ndo puedo inscribirme?\"   \/>\n            <span style=\"color:#00a7ca;\" class=\"icon icon-chevron-r\"><\/span>\n            <h3 class=\"hof-accordion__item__title\"><strong>\u00bfHasta cu\u00e1ndo puedo inscribirme?<\/strong><\/h3>\n            <div class=\"hof-accordion__item__content\">\n                <p><span class=\"ui-provider ed bhk bhl bhm bhn bho bhp bhq bhr bhs bht bhu bhv bhw bhx bhy bhz bia bib bic bid bie bif big bih bii bij bik bil bim bin bio bip biq bir\" dir=\"ltr\">La formalizaci\u00f3n de matr\u00edcula estar\u00e1 abierta hasta el d\u00eda 4 de diciembre de 2023.<\/span><\/p>\n\n            <\/div>\n        <\/li>\n    <\/ul>                    <\/div>\n    <\/div>\n<\/section>\n","protected":false},"excerpt":{"rendered":"","protected":false},"author":1,"featured_media":1104,"parent":0,"menu_order":0,"comment_status":"closed","ping_status":"closed","template":"","meta":[],"yoast_head":"<!-- This site is optimized with the Yoast SEO plugin v21.3 - https:\/\/yoast.com\/wordpress\/plugins\/seo\/ -->\n<title>Asistentes virtuales. Aplicaciones en el Sector Agroalimentario - La Vega Innova<\/title>\n<meta name=\"robots\" content=\"index, follow, max-snippet:-1, max-image-preview:large, max-video-preview:-1\" \/>\n<link rel=\"canonical\" href=\"https:\/\/lavegainnova.es\/en\/asistentes-virtuales-aplicaciones-en-el-sector-agroalimentario\/\" \/>\n<meta property=\"og:locale\" content=\"en_US\" \/>\n<meta property=\"og:type\" content=\"article\" \/>\n<meta property=\"og:title\" content=\"Asistentes virtuales. Aplicaciones en el Sector Agroalimentario - La Vega Innova\" \/>\n<meta property=\"og:url\" content=\"https:\/\/lavegainnova.es\/en\/asistentes-virtuales-aplicaciones-en-el-sector-agroalimentario\/\" \/>\n<meta property=\"og:site_name\" content=\"La Vega Innova\" \/>\n<meta property=\"article:publisher\" content=\"https:\/\/facebook.com\/lavegainnovahub\" \/>\n<meta property=\"article:modified_time\" content=\"2024-01-24T09:08:45+00:00\" \/>\n<meta property=\"og:image\" content=\"https:\/\/lavegainnova.es\/wp-content\/uploads\/2023\/11\/destacada.png\" \/>\n\t<meta property=\"og:image:width\" content=\"512\" \/>\n\t<meta property=\"og:image:height\" content=\"288\" \/>\n\t<meta property=\"og:image:type\" content=\"image\/png\" \/>\n<meta name=\"twitter:card\" content=\"summary_large_image\" \/>\n<meta name=\"twitter:site\" content=\"@lavegainnova\" \/>\n<script type=\"application\/ld+json\" class=\"yoast-schema-graph\">{\"@context\":\"https:\/\/schema.org\",\"@graph\":[{\"@type\":\"WebPage\",\"@id\":\"https:\/\/lavegainnova.es\/en\/asistentes-virtuales-aplicaciones-en-el-sector-agroalimentario\/\",\"url\":\"https:\/\/lavegainnova.es\/en\/asistentes-virtuales-aplicaciones-en-el-sector-agroalimentario\/\",\"name\":\"Asistentes virtuales. Aplicaciones en el Sector Agroalimentario - La Vega Innova\",\"isPartOf\":{\"@id\":\"https:\/\/lavegainnova.es\/#website\"},\"datePublished\":\"2023-11-16T09:28:49+00:00\",\"dateModified\":\"2024-01-24T09:08:45+00:00\",\"inLanguage\":\"en\",\"potentialAction\":[{\"@type\":\"ReadAction\",\"target\":[\"https:\/\/lavegainnova.es\/en\/asistentes-virtuales-aplicaciones-en-el-sector-agroalimentario\/\"]}]},{\"@type\":\"WebSite\",\"@id\":\"https:\/\/lavegainnova.es\/#website\",\"url\":\"https:\/\/lavegainnova.es\/\",\"name\":\"La Vega Innova\",\"description\":\"\u00bfEst\u00e1s listo para transformar el sector agroalimentario con tu startup?\",\"publisher\":{\"@id\":\"https:\/\/lavegainnova.es\/#organization\"},\"potentialAction\":[{\"@type\":\"SearchAction\",\"target\":{\"@type\":\"EntryPoint\",\"urlTemplate\":\"https:\/\/lavegainnova.es\/?s={search_term_string}\"},\"query-input\":\"required name=search_term_string\"}],\"inLanguage\":\"en\"},{\"@type\":\"Organization\",\"@id\":\"https:\/\/lavegainnova.es\/#organization\",\"name\":\"La Vega Innova\",\"url\":\"https:\/\/lavegainnova.es\/\",\"logo\":{\"@type\":\"ImageObject\",\"inLanguage\":\"en\",\"@id\":\"https:\/\/lavegainnova.es\/#\/schema\/logo\/image\/\",\"url\":\"https:\/\/lavegainnova.es\/wp-content\/uploads\/2023\/11\/destacados-logo.jpg\",\"contentUrl\":\"https:\/\/lavegainnova.es\/wp-content\/uploads\/2023\/11\/destacados-logo.jpg\",\"width\":717,\"height\":594,\"caption\":\"La Vega Innova\"},\"image\":{\"@id\":\"https:\/\/lavegainnova.es\/#\/schema\/logo\/image\/\"},\"sameAs\":[\"https:\/\/facebook.com\/lavegainnovahub\",\"https:\/\/twitter.com\/lavegainnova\",\"https:\/\/www.linkedin.com\/company\/97906276\/\",\"https:\/\/www.instagram.com\/lavegainnova\/?hl=es\"]}]}<\/script>\n<!-- \/ Yoast SEO plugin. -->","yoast_head_json":{"title":"Asistentes virtuales. Aplicaciones en el Sector Agroalimentario - La Vega Innova","robots":{"index":"index","follow":"follow","max-snippet":"max-snippet:-1","max-image-preview":"max-image-preview:large","max-video-preview":"max-video-preview:-1"},"canonical":"https:\/\/lavegainnova.es\/en\/asistentes-virtuales-aplicaciones-en-el-sector-agroalimentario\/","og_locale":"en_US","og_type":"article","og_title":"Asistentes virtuales. Aplicaciones en el Sector Agroalimentario - La Vega Innova","og_url":"https:\/\/lavegainnova.es\/en\/asistentes-virtuales-aplicaciones-en-el-sector-agroalimentario\/","og_site_name":"La Vega Innova","article_publisher":"https:\/\/facebook.com\/lavegainnovahub","article_modified_time":"2024-01-24T09:08:45+00:00","og_image":[{"width":512,"height":288,"url":"https:\/\/lavegainnova.es\/wp-content\/uploads\/2023\/11\/destacada.png","type":"image\/png"}],"twitter_card":"summary_large_image","twitter_site":"@lavegainnova","schema":{"@context":"https:\/\/schema.org","@graph":[{"@type":"WebPage","@id":"https:\/\/lavegainnova.es\/en\/asistentes-virtuales-aplicaciones-en-el-sector-agroalimentario\/","url":"https:\/\/lavegainnova.es\/en\/asistentes-virtuales-aplicaciones-en-el-sector-agroalimentario\/","name":"Asistentes virtuales. Aplicaciones en el Sector Agroalimentario - La Vega Innova","isPartOf":{"@id":"https:\/\/lavegainnova.es\/#website"},"datePublished":"2023-11-16T09:28:49+00:00","dateModified":"2024-01-24T09:08:45+00:00","inLanguage":"en","potentialAction":[{"@type":"ReadAction","target":["https:\/\/lavegainnova.es\/en\/asistentes-virtuales-aplicaciones-en-el-sector-agroalimentario\/"]}]},{"@type":"WebSite","@id":"https:\/\/lavegainnova.es\/#website","url":"https:\/\/lavegainnova.es\/","name":"La Vega Innova","description":"\u00bfEst\u00e1s listo para transformar el sector agroalimentario con tu startup?","publisher":{"@id":"https:\/\/lavegainnova.es\/#organization"},"potentialAction":[{"@type":"SearchAction","target":{"@type":"EntryPoint","urlTemplate":"https:\/\/lavegainnova.es\/?s={search_term_string}"},"query-input":"required name=search_term_string"}],"inLanguage":"en"},{"@type":"Organization","@id":"https:\/\/lavegainnova.es\/#organization","name":"La Vega Innova","url":"https:\/\/lavegainnova.es\/","logo":{"@type":"ImageObject","inLanguage":"en","@id":"https:\/\/lavegainnova.es\/#\/schema\/logo\/image\/","url":"https:\/\/lavegainnova.es\/wp-content\/uploads\/2023\/11\/destacados-logo.jpg","contentUrl":"https:\/\/lavegainnova.es\/wp-content\/uploads\/2023\/11\/destacados-logo.jpg","width":717,"height":594,"caption":"La Vega Innova"},"image":{"@id":"https:\/\/lavegainnova.es\/#\/schema\/logo\/image\/"},"sameAs":["https:\/\/facebook.com\/lavegainnovahub","https:\/\/twitter.com\/lavegainnova","https:\/\/www.linkedin.com\/company\/97906276\/","https:\/\/www.instagram.com\/lavegainnova\/?hl=es"]}]}},"_links":{"self":[{"href":"https:\/\/lavegainnova.es\/en\/wp-json\/wp\/v2\/pages\/1506"}],"collection":[{"href":"https:\/\/lavegainnova.es\/en\/wp-json\/wp\/v2\/pages"}],"about":[{"href":"https:\/\/lavegainnova.es\/en\/wp-json\/wp\/v2\/types\/page"}],"author":[{"embeddable":true,"href":"https:\/\/lavegainnova.es\/en\/wp-json\/wp\/v2\/users\/1"}],"replies":[{"embeddable":true,"href":"https:\/\/lavegainnova.es\/en\/wp-json\/wp\/v2\/comments?post=1506"}],"version-history":[{"count":4,"href":"https:\/\/lavegainnova.es\/en\/wp-json\/wp\/v2\/pages\/1506\/revisions"}],"predecessor-version":[{"id":1862,"href":"https:\/\/lavegainnova.es\/en\/wp-json\/wp\/v2\/pages\/1506\/revisions\/1862"}],"wp:featuredmedia":[{"embeddable":true,"href":"https:\/\/lavegainnova.es\/en\/wp-json\/wp\/v2\/media\/1104"}],"wp:attachment":[{"href":"https:\/\/lavegainnova.es\/en\/wp-json\/wp\/v2\/media?parent=1506"}],"curies":[{"name":"wp","href":"https:\/\/api.w.org\/{rel}","templated":true}]}}