{"id":1509,"date":"2023-08-21T10:06:31","date_gmt":"2023-08-21T10:06:31","guid":{"rendered":"https:\/\/lavegainnova.es\/contacto\/"},"modified":"2024-07-15T13:31:42","modified_gmt":"2024-07-15T11:31:42","slug":"contacto","status":"publish","type":"page","link":"https:\/\/lavegainnova.es\/en\/contacto\/","title":{"rendered":"Contacto"},"content":{"rendered":"<section class=\"hof-header-02 hof-bg-marino\">\n    <div class=\"row wrapper pt-4 pb-4\">\n        <div class=\"col-xs-12 col-sm-6 col-md-6 hof-header-02__info-container\">\n            <div class=\"hof-breadcrumbs\"><\/div>\n        \n                            <h1 style=\"text-align: left\">Contacto<\/h1>\n<p>\u00bfEst\u00e1s listo para transformar el sector AgriFoodTech con tu startup? El Ministerio de Agricultura, Pesca y Alimentaci\u00f3n te invita a formar parte de su iHub La Vega Innova, un espacio de colaboraci\u00f3n y experimentaci\u00f3n, basado en tecnolog\u00eda Fiware, que busca acercar las soluciones tecnol\u00f3gicas al sector AgriFoodTech.<\/p>\n\n                    <\/div>\n    <\/div>\n<\/section>\n\n\n<div class=\"hof-banner-contact\">\n    <div class=\"wrapper row\">\n        <div class=\"col-xs-12 col-sm-6 col-md-8 mb-2\">\n            <div>\n                                    <h2><span style=\"color: #031017\">Contacto<\/span><\/h2>\r\n<p><span style=\"color: #031017\">Puedes contactar con nosotros para resolver cualquier duda relacionada con La Vega Innova y nuestros programas a trav\u00e9s de este formulario o mediante un correo a <strong>info@lavegainnova.es<\/strong><\/span><\/p>\n                            <\/div>\n            <form id=\"landing-form\">\n                <input type=\"hidden\" id=\"nonce_validator\" name=\"nonce_validator\" value=\"691e5c9d4d\" \/><input type=\"hidden\" name=\"_wp_http_referer\" value=\"\/en\/wp-json\/wp\/v2\/pages\/1509\" \/>                <input id=\"g-recaptcha-response\" name=\"g-recaptcha-response\" type=\"hidden\" value=\"\">\n                <label for=\"form-email\"><strong>Email<\/strong><\/label>\n                <input type=\"email\" id=\"form-email\" name=\"email\" class=\"hof-input__text mt-1 mb-2\" placeholder=\"Introduce tu email\" size=\"60\" required>\n                <label for=\"comments\"><strong>D\u00e9janos tus comentarios<\/strong><\/label>\n                <textarea class=\"hof-input__text mx-1 mt-1 mb-2\" id=\"comments\" name=\"comments\" rows=\"6\" placeholder=\"D\u00e9janos tus comentarios\"><\/textarea>\n\n                <div class=\"row\">\n                    <div class=\"col-xs-12 col-sm-8 col-no-gutter\">\n                                                    <label class=\"hof-input__check\" for=\"form-check-policy\">\n                                <input type=\"checkbox\" name=\"privacy_policy\" id=\"form-check-policy\" value=\"Aceptada\" required>\n                                <span class=\"hof-input__check__display\"><\/span>\n                                <p><strong>Acepto la <a href=\"https:\/\/lavegainnova.es\/politica-privacidad\/\">pol\u00edtica de privacidad<\/a><\/strong><\/p>\n                                                                <div class=\"gdpr_policy_description\"><p>* Este formulario utiliza reCaptcha. Para poder usar este formulario, debe antes aceptar la pol\u00edtica de cookies.<\/p><\/div>\n                                                            <\/label>\n                                                <!--  -->\n                    <\/div>\n                    <div class=\"col-xs-12 col-no-gutter\">\n                        <button id=\"formSubmitButton\" type=\"submit\" class=\"hof-button hof-button__primary-positive\" style=\"display: none\">ENVIAR\n                        <\/button>\n                    <\/div>\n                <\/div>\n                <hr class=\"mt-1 mb-1\">\n                <div class=\"row\">\n                    <div class=\"col-xs-12 col-no-gutter\">\n                        <span id=\"messagePrivacyCookies\" class=\"strong\">\n                            * Este formulario utiliza reCaptcha. Para poder usar este formulario, debe antes aceptar la pol\u00edtica de cookies.\n                            <a href=\"https:\/\/lavegainnova.es\/politica-privacidad\/\">\n                                Leer m\u00e1s\n                            <\/a>\n                        <\/span>\n                    <\/div>\n                <\/div>\n            <\/form>\n        <\/div>\n        <div class=\"col-xs-12 col-sm-6 col-md-4 pt-5\">\n                            <p>Tambi\u00e9n puedes seguirnos en nuestras redes sociales<\/p>\n\n                                        <ul class=\"hof-rrss\">\n                                                                        <li>\n                                <a target=\"_blank\" class=\"hof-faqs__new-social\" href=\"https:\/\/www.facebook.com\/profile.php?id=100094317023384\">\n                                    <img decoding=\"async\" src=\"https:\/\/lavegainnova.es\/wp-content\/themes\/AGRO-THEME\/assets\/img\/icons\/facebook-icon.png\" alt=\"facebook\">\n                                <\/a>\n                            <\/li>\n                                                \n                                                                        <li>\n                                <a target=\"_blank\" href=\"https:\/\/www.youtube.com\/@LaVegaInnova\" class=\"icon icon-youtube\" aria-label=\"youtube\"><\/a>\n                            <\/li>\n                                                \n                                                                        <li>\n                                <a target=\"_blank\" href=\"https:\/\/www.instagram.com\/lavegainnova\/\" class=\"icon icon-instagram\" aria-label=\"instagram\"><\/a>\n                            <\/li>\n                                                \n                                                                        <li>\n                                <a target=\"_blank\" class=\"icon\" href=\"https:\/\/twitter.com\/lavegainnova\">\n                                   <span class=\"fa-brands fa-x-twitter\" aria-hidden=\"true\"><\/span>\n                                <\/a>\n                            <\/li>\n                                                \n                                                                        <li>\n                                <a target=\"_blank\" class=\"hof-faqs__new-social\" href=\"https:\/\/www.linkedin.com\/company\/97906276\/\">\n                                    <img decoding=\"async\" src=\"https:\/\/lavegainnova.es\/wp-content\/themes\/AGRO-THEME\/assets\/img\/icons\/linkedin-icon.png\" alt=\"linkedin\">\n                                <\/a>\n                            <\/li>\n                                                \n                                    <\/ul>\n                    <\/div>\n    <\/div>\n    <div class=\"hof-modal\" id=\"ok\" style=\" --bg-image: url();  display: none; \" >\n    <div class=\"hof-modal__content\">\n        <button type=\"button\" class=\"hof-modal__content__close\" aria-label=\"Close\" >Cerrar <span class=\"icon icon-close\"><\/span><\/button>\n        <header>\n                            <p>Tu mensaje ha sido enviado.<\/p>\n\n                    <\/header>\n        <div class=\"hof-modal__content__main\">\n                            <p>Tu mensaje ha sido enviado correctamente.<\/p>\n\n                    <\/div>\n    <\/div>\n<\/div>\n    <div class=\"hof-modal\" id=\"error\" style=\" --bg-image: url();  display: none; \" >\n    <div class=\"hof-modal__content\">\n        <button type=\"button\" class=\"hof-modal__content__close\" aria-label=\"Close\" >Cerrar <span class=\"icon icon-close\"><\/span><\/button>\n        <header>\n                            <p>Tu mensaje ha sido enviado.<\/p>\n\n                    <\/header>\n        <div class=\"hof-modal__content__main\">\n                            <p>\u00a1Vaya! parece que ha habido un error y no se ha enviado tu mensaje. Prueba en unos minutos.<\/p>\n\n                    <\/div>\n    <\/div>\n<\/div>\n<\/div>\n<script src=\"https:\/\/www.google.com\/recaptcha\/api.js?render=6Lck_yQoAAAAAE63beK_ZstoxQa03u8iNNZZWsSm\"><\/script>\n \n\n<script>\n    jQuery(document).ready(function() {\n        const cookieEvent = new CustomEvent('quantcastButtonFormEvent', {\n            detail: {\n                listenCheckChange: () => {\n                    const interval = setInterval(function () {\n                  \n                        let quantcastAcceptedAddtl = document.cookie.match(\"[;]*\\s*euconsent-v2\\s*=C\\s*([^;]+)\");\n                        if (quantcastAcceptedAddtl && quantcastAcceptedAddtl[1]) {\n                            cookieEvent.detail.validQuantcast = true;\n                            jQuery(\"#formSubmitButton\").show();\n                            clearInterval(interval);\n                        }\n                    }, 100);\n                },\n                validQuantcast: false\n            }\n        });\n\n        document.addEventListener('quantcastButtonFormEvent', function (e) {\n            e.detail.listenCheckChange()\n        });\n        document.dispatchEvent(cookieEvent);\n\n        jQuery(\"#landing-form\").validate({\n            rules: {\n                email: {\n                    required: true,\n                    email: true\n                },\n                privacy_policy: {\n                    required: true\n                }\n            },\n            messages: {\n                email: {\n                    required: 'El campo email es obligatorio',\n                    email: 'Revise el formato del email'\n                },\n                privacy_policy: {\n                    required: 'Debe aceptar la pol\u00edtica de privacidad'\n                }\n            },\n            errorPlacement: function(error, element) {\n\n                if ('privacy_policy' == element.attr('name')){\n                    error.appendTo(element.parent(\"label\"));\n                }\n                else {\n                    error.insertAfter(element);\n                }\n            },\n            submitHandler: function(form, event) {\n                grecaptcha.ready(function() {\n                    grecaptcha.execute('6Lck_yQoAAAAAE63beK_ZstoxQa03u8iNNZZWsSm', {action: 'submit'}).then(function(token) {        \n                        let recaptcha = document.getElementById('g-recaptcha-response');\n                        recaptcha.setAttribute( 'value', token );\n                        let data = jQuery(form).serializeArray();\n                \n                        data.push({name: 'action', value: 'form_validation'});\n                        jQuery.post(ajaxurl, data, function(response) {\n                            const data = JSON.parse(response);\n                            if (data.isOk) {\n                                toggleModal('#ok');\n                                jQuery('#landing-form').trigger(\"reset\");\n                            } else {\n                                toggleModal('#error');\n                            }\n\n                            jQuery('#formSubmitButton').css('cursor', 'pointer');\n                            jQuery('#formSubmitButton').attr('disabled', false);\n                        });\n                        event.preventDefault();\n                    });\n                });               \n            }\n        });\n    });\n<\/script>\n\n\n<section class=\"hof-logos hof-bg-blanco\">\n    <div class=\"row wrapper pt-2 pb-2\">\n        <div class=\"col-xs-12 col-sm-6 image-container \">\n                            <img decoding=\"async\" class=\"hof-convocatoria__image\" src=\"https:\/\/lavegainnova.es\/wp-content\/uploads\/2024\/06\/contact-us-scaled.jpg\" alt=\"\" title=\"contact us\"\/>\n                    <\/div>\n        <div class=\"col-xs-12 col-sm-6 info-container\">\n            \n                            <h2>Contacto<\/h2>\n<p>Puedes contactar con nosotros para resolver cualquier duda relacionada con La Vega Innova y nuestros programas en <a href=\"mailto:info@lavegainnova.es\"><strong>info@lavegainnova.es<\/strong><\/a><\/p>\n\n            \n                    <\/div>\n    <\/div>\n<\/section>\n","protected":false},"excerpt":{"rendered":"","protected":false},"author":1,"featured_media":0,"parent":0,"menu_order":0,"comment_status":"closed","ping_status":"closed","template":"","meta":[],"yoast_head":"<!-- This site is optimized with the Yoast SEO plugin v21.3 - https:\/\/yoast.com\/wordpress\/plugins\/seo\/ -->\n<title>Contacto - La Vega Innova<\/title>\n<meta name=\"robots\" content=\"index, follow, max-snippet:-1, max-image-preview:large, max-video-preview:-1\" \/>\n<link rel=\"canonical\" href=\"https:\/\/lavegainnova.es\/en\/contacto\/\" \/>\n<meta property=\"og:locale\" content=\"en_US\" \/>\n<meta property=\"og:type\" content=\"article\" \/>\n<meta property=\"og:title\" content=\"Contacto - La Vega Innova\" \/>\n<meta property=\"og:url\" content=\"https:\/\/lavegainnova.es\/en\/contacto\/\" \/>\n<meta property=\"og:site_name\" content=\"La Vega Innova\" \/>\n<meta property=\"article:publisher\" content=\"https:\/\/facebook.com\/lavegainnovahub\" \/>\n<meta property=\"article:modified_time\" content=\"2024-07-15T11:31:42+00:00\" \/>\n<meta name=\"twitter:card\" content=\"summary_large_image\" \/>\n<meta name=\"twitter:site\" content=\"@lavegainnova\" \/>\n<script type=\"application\/ld+json\" class=\"yoast-schema-graph\">{\"@context\":\"https:\/\/schema.org\",\"@graph\":[{\"@type\":\"WebPage\",\"@id\":\"https:\/\/lavegainnova.es\/en\/contacto\/\",\"url\":\"https:\/\/lavegainnova.es\/en\/contacto\/\",\"name\":\"Contacto - La Vega Innova\",\"isPartOf\":{\"@id\":\"https:\/\/lavegainnova.es\/#website\"},\"datePublished\":\"2023-08-21T10:06:31+00:00\",\"dateModified\":\"2024-07-15T11:31:42+00:00\",\"inLanguage\":\"en\",\"potentialAction\":[{\"@type\":\"ReadAction\",\"target\":[\"https:\/\/lavegainnova.es\/en\/contacto\/\"]}]},{\"@type\":\"WebSite\",\"@id\":\"https:\/\/lavegainnova.es\/#website\",\"url\":\"https:\/\/lavegainnova.es\/\",\"name\":\"La Vega Innova\",\"description\":\"\u00bfEst\u00e1s listo para transformar el sector agroalimentario con tu startup?\",\"publisher\":{\"@id\":\"https:\/\/lavegainnova.es\/#organization\"},\"potentialAction\":[{\"@type\":\"SearchAction\",\"target\":{\"@type\":\"EntryPoint\",\"urlTemplate\":\"https:\/\/lavegainnova.es\/?s={search_term_string}\"},\"query-input\":\"required name=search_term_string\"}],\"inLanguage\":\"en\"},{\"@type\":\"Organization\",\"@id\":\"https:\/\/lavegainnova.es\/#organization\",\"name\":\"La Vega Innova\",\"url\":\"https:\/\/lavegainnova.es\/\",\"logo\":{\"@type\":\"ImageObject\",\"inLanguage\":\"en\",\"@id\":\"https:\/\/lavegainnova.es\/#\/schema\/logo\/image\/\",\"url\":\"https:\/\/lavegainnova.es\/wp-content\/uploads\/2023\/11\/destacados-logo.jpg\",\"contentUrl\":\"https:\/\/lavegainnova.es\/wp-content\/uploads\/2023\/11\/destacados-logo.jpg\",\"width\":717,\"height\":594,\"caption\":\"La Vega Innova\"},\"image\":{\"@id\":\"https:\/\/lavegainnova.es\/#\/schema\/logo\/image\/\"},\"sameAs\":[\"https:\/\/facebook.com\/lavegainnovahub\",\"https:\/\/twitter.com\/lavegainnova\",\"https:\/\/www.linkedin.com\/company\/97906276\/\",\"https:\/\/www.instagram.com\/lavegainnova\/?hl=es\"]}]}<\/script>\n<!-- \/ Yoast SEO plugin. -->","yoast_head_json":{"title":"Contacto - La Vega Innova","robots":{"index":"index","follow":"follow","max-snippet":"max-snippet:-1","max-image-preview":"max-image-preview:large","max-video-preview":"max-video-preview:-1"},"canonical":"https:\/\/lavegainnova.es\/en\/contacto\/","og_locale":"en_US","og_type":"article","og_title":"Contacto - La Vega Innova","og_url":"https:\/\/lavegainnova.es\/en\/contacto\/","og_site_name":"La Vega Innova","article_publisher":"https:\/\/facebook.com\/lavegainnovahub","article_modified_time":"2024-07-15T11:31:42+00:00","twitter_card":"summary_large_image","twitter_site":"@lavegainnova","schema":{"@context":"https:\/\/schema.org","@graph":[{"@type":"WebPage","@id":"https:\/\/lavegainnova.es\/en\/contacto\/","url":"https:\/\/lavegainnova.es\/en\/contacto\/","name":"Contacto - La Vega Innova","isPartOf":{"@id":"https:\/\/lavegainnova.es\/#website"},"datePublished":"2023-08-21T10:06:31+00:00","dateModified":"2024-07-15T11:31:42+00:00","inLanguage":"en","potentialAction":[{"@type":"ReadAction","target":["https:\/\/lavegainnova.es\/en\/contacto\/"]}]},{"@type":"WebSite","@id":"https:\/\/lavegainnova.es\/#website","url":"https:\/\/lavegainnova.es\/","name":"La Vega Innova","description":"\u00bfEst\u00e1s listo para transformar el sector agroalimentario con tu startup?","publisher":{"@id":"https:\/\/lavegainnova.es\/#organization"},"potentialAction":[{"@type":"SearchAction","target":{"@type":"EntryPoint","urlTemplate":"https:\/\/lavegainnova.es\/?s={search_term_string}"},"query-input":"required name=search_term_string"}],"inLanguage":"en"},{"@type":"Organization","@id":"https:\/\/lavegainnova.es\/#organization","name":"La Vega Innova","url":"https:\/\/lavegainnova.es\/","logo":{"@type":"ImageObject","inLanguage":"en","@id":"https:\/\/lavegainnova.es\/#\/schema\/logo\/image\/","url":"https:\/\/lavegainnova.es\/wp-content\/uploads\/2023\/11\/destacados-logo.jpg","contentUrl":"https:\/\/lavegainnova.es\/wp-content\/uploads\/2023\/11\/destacados-logo.jpg","width":717,"height":594,"caption":"La Vega Innova"},"image":{"@id":"https:\/\/lavegainnova.es\/#\/schema\/logo\/image\/"},"sameAs":["https:\/\/facebook.com\/lavegainnovahub","https:\/\/twitter.com\/lavegainnova","https:\/\/www.linkedin.com\/company\/97906276\/","https:\/\/www.instagram.com\/lavegainnova\/?hl=es"]}]}},"_links":{"self":[{"href":"https:\/\/lavegainnova.es\/en\/wp-json\/wp\/v2\/pages\/1509"}],"collection":[{"href":"https:\/\/lavegainnova.es\/en\/wp-json\/wp\/v2\/pages"}],"about":[{"href":"https:\/\/lavegainnova.es\/en\/wp-json\/wp\/v2\/types\/page"}],"author":[{"embeddable":true,"href":"https:\/\/lavegainnova.es\/en\/wp-json\/wp\/v2\/users\/1"}],"replies":[{"embeddable":true,"href":"https:\/\/lavegainnova.es\/en\/wp-json\/wp\/v2\/comments?post=1509"}],"version-history":[{"count":5,"href":"https:\/\/lavegainnova.es\/en\/wp-json\/wp\/v2\/pages\/1509\/revisions"}],"predecessor-version":[{"id":2776,"href":"https:\/\/lavegainnova.es\/en\/wp-json\/wp\/v2\/pages\/1509\/revisions\/2776"}],"wp:attachment":[{"href":"https:\/\/lavegainnova.es\/en\/wp-json\/wp\/v2\/media?parent=1509"}],"curies":[{"name":"wp","href":"https:\/\/api.w.org\/{rel}","templated":true}]}}