{"id":1512,"date":"2023-10-09T11:06:58","date_gmt":"2023-10-09T11:06:58","guid":{"rendered":"https:\/\/lavegainnova.es\/marketplace\/"},"modified":"2024-01-02T12:01:53","modified_gmt":"2024-01-02T11:01:53","slug":"marketplace","status":"publish","type":"page","link":"https:\/\/lavegainnova.es\/en\/marketplace\/","title":{"rendered":"Marketplace"},"content":{"rendered":"<section class=\"hof-header-02 hof-bg-marino\">\n    <div class=\"row wrapper pt-4 pb-4\">\n        <div class=\"col-xs-12 col-sm-6 col-md-6 hof-header-02__info-container\">\n            <div class=\"hof-breadcrumbs\"><\/div>\n        \n                            <h1>Marketplace<\/h1>\n<p>Descubre el FIWARE Marketplace, tu ventana al futuro AgriFoodTech. Un vibrante escaparate global donde las \u00faltimas tecnolog\u00edas y soluciones certificadas en La Vega Innova se encuentran y prosperan. Nuestro Marketplace es tu puerta de entrada a un mundo de innovaci\u00f3n. Un espacio donde las soluciones desarrolladas se exponen para que las empresas participantes del FIWARE iHub brillen, se conecten y crezcan respaldadas por un ecosistema que potencia su presencia en eventos, su networking y su proyecci\u00f3n internacional. \u00danete a nosotros en esta emocionante traves\u00eda de descubrimiento, colaboraci\u00f3n y transformaci\u00f3n, donde cada innovaci\u00f3n es un paso hacia adelante en la evoluci\u00f3n tecnol\u00f3gica.<\/p>\n\n                    <\/div>\n    <\/div>\n<\/section>\n\n\n<section class=\"hof-info\" style=\"background: linear-gradient(to bottom, #00A7CA 70%, white 0%);\">\n    <div class=\"wrapper\">\n        <div class=\"row\">\n            <div class=\"col-xs-12 col-md-6 col-md-offset-3 pb-2 t-center hof-info__title\">\n                                    <h2 style=\"text-align: center\">Categor\u00edas Fiware<\/h2>\n\n                            <\/div>\n        <\/div>\n        <div class=\"hof-info__items\">\n                            <div class=\"col-xs-12 col-sm-4 zi-9\">\n                    <div class=\"item\">\n                                                    <img decoding=\"async\" class=\"hof-info-icon\" src=\"https:\/\/lavegainnova.es\/wp-content\/uploads\/2023\/11\/icon-Powered-By-Fiware.png\" alt=\"Icono Powered by Fiware\" title=\"icon-Powered By Fiware\"\/>\n                        \n                                                    <h4><strong>Powered By Fiware<\/strong><\/h4>\n                        \n                                                    <p>Soluciones inteligentes que utilizan el est\u00e1ndar abierto NGSI para comunicar el estado entre microservicios en productos basados \u200b\u200ben contexto.<\/p>\n\n                        \n                                            <\/div>\n                <\/div>\n                            <div class=\"col-xs-12 col-sm-4 zi-9\">\n                    <div class=\"item\">\n                                                    <img decoding=\"async\" class=\"hof-info-icon\" src=\"https:\/\/lavegainnova.es\/wp-content\/uploads\/2023\/11\/icon-Fiware-Ready.png\" alt=\"Icono Fiware Ready\" title=\"icon-Fiware-Ready\"\/>\n                        \n                                                    <h4><strong>Fiware-Ready<\/strong><\/h4>\n                        \n                                                    <p>Dispositivos y sistemas conectados impulsados \u200b\u200bpor arquitecturas FIWARE a trav\u00e9s de la interfaces est\u00e1ndar NGSI que ofrecen.<\/p>\n\n                        \n                                            <\/div>\n                <\/div>\n                    <\/div>\n    <\/div>\n<\/section>\n\n\n<section class=\"hof-posts-marketplace hof-bg-marino\">\n    <div class=\"wrapper row\">\n        <div class=\"col-xs-12 t-center\">\n                            <h3 class=\"mb-4 t-white\">Productos<\/h3>\n                    <\/div>\n        <div class=\"col-xs-12 col-sm-4 col-md-3\">\n            <div class=\"hof-posts-marketplace__filters\">\n                <div class=\"filter-element\">\n                    <h4 class=\"t-white mb-1\">Categor\u00eda Fiware<\/h4>\n                    <select name=\"\" id=\"filterCategory\">\n                        <option value=\"*\">Todas las categor\u00edas<\/option>\n                                            <\/select>\n                <\/div>\n\n                <div class=\"filter-element\">\n                    <h4 class=\"t-white\">Tipo de producto<\/h4>\n                    <select name=\"\" id=\"filterType\">\n                        <option value=\"*\">Todos los productos<\/option>\n                                            <\/select>\n                <\/div>\n\n                <div class=\"filter-element\">\n                    <h4 class=\"t-white mb-1\">Dominios<\/h4>\n                    <select name=\"\" id=\"filterDomain\">\n                        <option value=\"*\">Todos los dominios<\/option>\n                                            <\/select>\n                <\/div>\n\n                <div class=\"filter-element\">\n                    <h4 class=\"t-white mb-1\">Tecnolog\u00edas<\/h4>\n                    <select name=\"\" id=\"filterTechnology\">\n                        <option value=\"*\">Todas las tecnolog\u00edas<\/option>\n                                            <\/select>\n                <\/div>\n\n                \n                <div class=\"filter-element mb-0\">\n                    <h4 class=\"t-white mb-1\">Empresas<\/h4>\n                    <select name=\"\" id=\"filterCompany\">\n                        <option value=\"*\">Todas las empresas<\/option>\n                                                    <option value=\"company-animal-data\">Animal Data<\/option>\n                                                    <option value=\"company-sanzar\">Sanzar<\/option>\n                                                    <option value=\"company-plant-on-demand\">Plant on Demand<\/option>\n                                                    <option value=\"company-biotech-tricopharming-research-s-l\">Biotech tricopharming research S.L<\/option>\n                                                    <option value=\"company-aonchip\">AonChip<\/option>\n                                                    <option value=\"company-hyperplan\">Hyperplan<\/option>\n                                            <\/select>\n                <\/div>\n\n                <button id=\"filterButton\" class=\"hof-button hof-button__primary-positive button-center mt-2 mb-4 w-100-forced\">Filtrar<\/button>\n            <\/div>\n        <\/div>\n\n        <div class=\"col-xs-12 col-sm-8 col-md-9\">\n            <div class=\"row\">\n                                    <h4 id=\"no-posts-message\" class=\"t-white\">No existen elementos con estas caracter\u00edsticas.<\/h4>\n                                \n            <\/div>\n        <\/div>\n\n    <\/div>\n<\/section>","protected":false},"excerpt":{"rendered":"","protected":false},"author":1,"featured_media":0,"parent":0,"menu_order":0,"comment_status":"closed","ping_status":"closed","template":"","meta":[],"yoast_head":"<!-- This site is optimized with the Yoast SEO plugin v21.3 - https:\/\/yoast.com\/wordpress\/plugins\/seo\/ -->\n<title>Marketplace - La Vega Innova<\/title>\n<meta name=\"robots\" content=\"index, follow, max-snippet:-1, max-image-preview:large, max-video-preview:-1\" \/>\n<link rel=\"canonical\" href=\"https:\/\/lavegainnova.es\/en\/marketplace\/\" \/>\n<meta property=\"og:locale\" content=\"en_US\" \/>\n<meta property=\"og:type\" content=\"article\" \/>\n<meta property=\"og:title\" content=\"Marketplace - La Vega Innova\" \/>\n<meta property=\"og:url\" content=\"https:\/\/lavegainnova.es\/en\/marketplace\/\" \/>\n<meta property=\"og:site_name\" content=\"La Vega Innova\" \/>\n<meta property=\"article:publisher\" content=\"https:\/\/facebook.com\/lavegainnovahub\" \/>\n<meta property=\"article:modified_time\" content=\"2024-01-02T11:01:53+00:00\" \/>\n<meta name=\"twitter:card\" content=\"summary_large_image\" \/>\n<meta name=\"twitter:site\" content=\"@lavegainnova\" \/>\n<script type=\"application\/ld+json\" class=\"yoast-schema-graph\">{\"@context\":\"https:\/\/schema.org\",\"@graph\":[{\"@type\":\"WebPage\",\"@id\":\"https:\/\/lavegainnova.es\/en\/marketplace\/\",\"url\":\"https:\/\/lavegainnova.es\/en\/marketplace\/\",\"name\":\"Marketplace - La Vega Innova\",\"isPartOf\":{\"@id\":\"https:\/\/lavegainnova.es\/#website\"},\"datePublished\":\"2023-10-09T11:06:58+00:00\",\"dateModified\":\"2024-01-02T11:01:53+00:00\",\"inLanguage\":\"en\",\"potentialAction\":[{\"@type\":\"ReadAction\",\"target\":[\"https:\/\/lavegainnova.es\/en\/marketplace\/\"]}]},{\"@type\":\"WebSite\",\"@id\":\"https:\/\/lavegainnova.es\/#website\",\"url\":\"https:\/\/lavegainnova.es\/\",\"name\":\"La Vega Innova\",\"description\":\"\u00bfEst\u00e1s listo para transformar el sector agroalimentario con tu startup?\",\"publisher\":{\"@id\":\"https:\/\/lavegainnova.es\/#organization\"},\"potentialAction\":[{\"@type\":\"SearchAction\",\"target\":{\"@type\":\"EntryPoint\",\"urlTemplate\":\"https:\/\/lavegainnova.es\/?s={search_term_string}\"},\"query-input\":\"required name=search_term_string\"}],\"inLanguage\":\"en\"},{\"@type\":\"Organization\",\"@id\":\"https:\/\/lavegainnova.es\/#organization\",\"name\":\"La Vega Innova\",\"url\":\"https:\/\/lavegainnova.es\/\",\"logo\":{\"@type\":\"ImageObject\",\"inLanguage\":\"en\",\"@id\":\"https:\/\/lavegainnova.es\/#\/schema\/logo\/image\/\",\"url\":\"https:\/\/lavegainnova.es\/wp-content\/uploads\/2023\/11\/destacados-logo.jpg\",\"contentUrl\":\"https:\/\/lavegainnova.es\/wp-content\/uploads\/2023\/11\/destacados-logo.jpg\",\"width\":717,\"height\":594,\"caption\":\"La Vega Innova\"},\"image\":{\"@id\":\"https:\/\/lavegainnova.es\/#\/schema\/logo\/image\/\"},\"sameAs\":[\"https:\/\/facebook.com\/lavegainnovahub\",\"https:\/\/twitter.com\/lavegainnova\",\"https:\/\/www.linkedin.com\/company\/97906276\/\",\"https:\/\/www.instagram.com\/lavegainnova\/?hl=es\"]}]}<\/script>\n<!-- \/ Yoast SEO plugin. -->","yoast_head_json":{"title":"Marketplace - La Vega Innova","robots":{"index":"index","follow":"follow","max-snippet":"max-snippet:-1","max-image-preview":"max-image-preview:large","max-video-preview":"max-video-preview:-1"},"canonical":"https:\/\/lavegainnova.es\/en\/marketplace\/","og_locale":"en_US","og_type":"article","og_title":"Marketplace - La Vega Innova","og_url":"https:\/\/lavegainnova.es\/en\/marketplace\/","og_site_name":"La Vega Innova","article_publisher":"https:\/\/facebook.com\/lavegainnovahub","article_modified_time":"2024-01-02T11:01:53+00:00","twitter_card":"summary_large_image","twitter_site":"@lavegainnova","schema":{"@context":"https:\/\/schema.org","@graph":[{"@type":"WebPage","@id":"https:\/\/lavegainnova.es\/en\/marketplace\/","url":"https:\/\/lavegainnova.es\/en\/marketplace\/","name":"Marketplace - La Vega Innova","isPartOf":{"@id":"https:\/\/lavegainnova.es\/#website"},"datePublished":"2023-10-09T11:06:58+00:00","dateModified":"2024-01-02T11:01:53+00:00","inLanguage":"en","potentialAction":[{"@type":"ReadAction","target":["https:\/\/lavegainnova.es\/en\/marketplace\/"]}]},{"@type":"WebSite","@id":"https:\/\/lavegainnova.es\/#website","url":"https:\/\/lavegainnova.es\/","name":"La Vega Innova","description":"\u00bfEst\u00e1s listo para transformar el sector agroalimentario con tu startup?","publisher":{"@id":"https:\/\/lavegainnova.es\/#organization"},"potentialAction":[{"@type":"SearchAction","target":{"@type":"EntryPoint","urlTemplate":"https:\/\/lavegainnova.es\/?s={search_term_string}"},"query-input":"required name=search_term_string"}],"inLanguage":"en"},{"@type":"Organization","@id":"https:\/\/lavegainnova.es\/#organization","name":"La Vega Innova","url":"https:\/\/lavegainnova.es\/","logo":{"@type":"ImageObject","inLanguage":"en","@id":"https:\/\/lavegainnova.es\/#\/schema\/logo\/image\/","url":"https:\/\/lavegainnova.es\/wp-content\/uploads\/2023\/11\/destacados-logo.jpg","contentUrl":"https:\/\/lavegainnova.es\/wp-content\/uploads\/2023\/11\/destacados-logo.jpg","width":717,"height":594,"caption":"La Vega Innova"},"image":{"@id":"https:\/\/lavegainnova.es\/#\/schema\/logo\/image\/"},"sameAs":["https:\/\/facebook.com\/lavegainnovahub","https:\/\/twitter.com\/lavegainnova","https:\/\/www.linkedin.com\/company\/97906276\/","https:\/\/www.instagram.com\/lavegainnova\/?hl=es"]}]}},"_links":{"self":[{"href":"https:\/\/lavegainnova.es\/en\/wp-json\/wp\/v2\/pages\/1512"}],"collection":[{"href":"https:\/\/lavegainnova.es\/en\/wp-json\/wp\/v2\/pages"}],"about":[{"href":"https:\/\/lavegainnova.es\/en\/wp-json\/wp\/v2\/types\/page"}],"author":[{"embeddable":true,"href":"https:\/\/lavegainnova.es\/en\/wp-json\/wp\/v2\/users\/1"}],"replies":[{"embeddable":true,"href":"https:\/\/lavegainnova.es\/en\/wp-json\/wp\/v2\/comments?post=1512"}],"version-history":[{"count":2,"href":"https:\/\/lavegainnova.es\/en\/wp-json\/wp\/v2\/pages\/1512\/revisions"}],"predecessor-version":[{"id":2002,"href":"https:\/\/lavegainnova.es\/en\/wp-json\/wp\/v2\/pages\/1512\/revisions\/2002"}],"wp:attachment":[{"href":"https:\/\/lavegainnova.es\/en\/wp-json\/wp\/v2\/media?parent=1512"}],"curies":[{"name":"wp","href":"https:\/\/api.w.org\/{rel}","templated":true}]}}